{"id":7003,"date":"2025-05-15T09:34:04","date_gmt":"2025-05-15T07:34:04","guid":{"rendered":"https:\/\/cro.vysyo.com\/?page_id=7003"},"modified":"2025-05-15T10:07:32","modified_gmt":"2025-05-15T08:07:32","slug":"cro-clinical-research-organisation","status":"publish","type":"page","link":"https:\/\/cro.vysyo.com\/en\/cro-clinical-research-organisation\/","title":{"rendered":"CRO (Clinical Research Organisation)"},"content":{"rendered":"<p>[et_pb_section fb_built=&#8221;1&#8243; disabled_on=&#8221;on|on|off&#8221; admin_label=&#8221;Sektion 2.1&#8243; module_id=&#8221;evidenz&#8221; _builder_version=&#8221;4.24.0&#8243; _module_preset=&#8221;default&#8221; background_color=&#8221;#00406B&#8221; custom_padding=&#8221;0px||||false|false&#8221; collapsed=&#8221;off&#8221; global_colors_info=&#8221;{}&#8221;][et_pb_row column_structure=&#8221;1_2,1_2&#8243; use_custom_gutter=&#8221;on&#8221; gutter_width=&#8221;1&#8243; _builder_version=&#8221;4.24.0&#8243; _module_preset=&#8221;default&#8221; width=&#8221;100%&#8221; max_width=&#8221;100%&#8221; min_height=&#8221;100vh&#8221; custom_padding=&#8221;0px||0px||false|false&#8221; global_colors_info=&#8221;{}&#8221;][et_pb_column type=&#8221;1_2&#8243; _builder_version=&#8221;4.24.0&#8243; _module_preset=&#8221;default&#8221; use_background_color_gradient=&#8221;on&#8221; background_color_gradient_stops=&#8221;rgba(87,126,164,0.44) 0%|#00406b 100%&#8221; background_color_gradient_overlays_image=&#8221;on&#8221; background_color_gradient_start=&#8221;rgba(87,126,164,0.44)&#8221; background_color_gradient_end=&#8221;#00406b&#8221; background_image=&#8221;https:\/\/cro.vysyo.com\/uploads\/_vysyo\/2025\/03\/iStock-1388388697.jpg&#8221; global_colors_info=&#8221;{}&#8221;][et_pb_divider show_divider=&#8221;off&#8221; _builder_version=&#8221;4.16&#8243; _module_preset=&#8221;default&#8221; height=&#8221;100vh&#8221; custom_margin=&#8221;0px||||false|false&#8221; custom_padding=&#8221;0px||0px||false|false&#8221; global_colors_info=&#8221;{}&#8221;][\/et_pb_divider][\/et_pb_column][et_pb_column type=&#8221;1_2&#8243; _builder_version=&#8221;4.16&#8243; _module_preset=&#8221;default&#8221; custom_padding=&#8221;10%||||false|false&#8221; custom_css_main_element=&#8221;margin-left: -10% !important;&#8221; global_colors_info=&#8221;{}&#8221;][et_pb_blurb title=&#8221;CRO &#8211; Your partner for efficient clinical research&#8221; content_max_width=&#8221;100%&#8221; _builder_version=&#8221;4.24.0&#8243; _module_preset=&#8221;default&#8221; header_level=&#8221;h2&#8243; header_font=&#8221;|600||on|||||&#8221; header_text_align=&#8221;left&#8221; header_text_color=&#8221;#577ea4&#8243; header_font_size=&#8221;35px&#8221; header_line_height=&#8221;1.2em&#8221; body_text_color=&#8221;#577ea4&#8243; background_color=&#8221;#ffffff&#8221; position_origin_a=&#8221;center_left&#8221; width=&#8221;100%&#8221; module_alignment=&#8221;left&#8221; custom_margin=&#8221;||||false|false&#8221; custom_margin_tablet=&#8221;&#8221; custom_margin_phone=&#8221;|0px|||false|false&#8221; custom_margin_last_edited=&#8221;on|phone&#8221; custom_padding=&#8221;5%|5%|5%|5%|true|true&#8221; header_font_size_tablet=&#8221;35px&#8221; header_font_size_phone=&#8221;25px&#8221; header_font_size_last_edited=&#8221;on|phone&#8221; custom_css_main_element=&#8221; &#8221; border_radii=&#8221;on|10px|10px|10px|10px&#8221; box_shadow_style=&#8221;preset1&#8243; box_shadow_spread=&#8221;13px&#8221; box_shadow_color=&#8221;rgba(87,126,164,0.09)&#8221; global_colors_info=&#8221;{}&#8221;]<\/p>\n<p>&nbsp;<\/p>\n<p>As an experienced clinical research organisation, we can support you with the planning, implementation and analysis of clinical trials. Our customised solutions and comprehensive expertise ensure a smooth study process, from conception to successful market launch. <\/p>\n<p>In a constantly changing regulatory landscape, professional support in clinical research is essential.<\/p>\n<p>All phases of clinical trials are covered by Vysyo&#8217;s comprehensive range of services.<\/p>\n<ul style=\"list-style-type: disc;\">\n<li>Study planning and design: Development of customised concepts that combine scientific and regulatory requirements optimally.<\/li>\n<li>Implementation and monitoring: The efficient organisation, monitoring and management of study procedures ensures the highest quality and safety standards are met.<\/li>\n<li>Data management and analysis: Accurately collecting, analysing and interpreting clinical data to inform decision-making.<\/li>\n<li>Regulatory expertise: Support with complying with international guidelines and preparing the necessary approval documents.<\/li>\n<\/ul>\n<p>Our dedicated team combines scientific expertise with cutting-edge technology to streamline the entire study process, making it efficient and transparent. You can rely on our many years of experience and expertise to successfully implement your clinical projects, from developing the concept to conducting the final evaluation and reporting. <\/p>\n<p>&nbsp;<\/p>\n<p class=\"p1\"><a href=\"https:\/\/cro.vysyo.com\/en\/contact\/\"><button class=\"kontaktbutton\">Contact us now<\/button><\/a><\/p>\n<p>[\/et_pb_blurb][\/et_pb_column][\/et_pb_row][\/et_pb_section][et_pb_section fb_built=&#8221;1&#8243; disabled_on=&#8221;off|off|on&#8221; admin_label=&#8221;Header 1&#8243; _builder_version=&#8221;4.24.0&#8243; _module_preset=&#8221;default&#8221; use_background_color_gradient=&#8221;on&#8221; background_color_gradient_stops=&#8221;rgba(0,0,0,0) 0%|#00406b 100%&#8221; background_color_gradient_overlays_image=&#8221;on&#8221; background_image=&#8221;https:\/\/cro.vysyo.com\/uploads\/_vysyo\/2025\/03\/iStock-1388388697.jpg&#8221; background_position=&#8221;top_center&#8221; min_height=&#8221;300px&#8221; min_height_tablet=&#8221;&#8221; min_height_phone=&#8221;&#8221; min_height_last_edited=&#8221;on|phone&#8221; height_tablet=&#8221;250px&#8221; height_phone=&#8221;200px&#8221; height_last_edited=&#8221;on|phone&#8221; filter_brightness=&#8221;105%&#8221; bottom_divider_color=&#8221;#aa926c&#8221; locked=&#8221;off&#8221; collapsed=&#8221;on&#8221; global_colors_info=&#8221;{}&#8221;][\/et_pb_section][et_pb_section fb_built=&#8221;1&#8243; disabled_on=&#8221;off|off|on&#8221; _builder_version=&#8221;4.24.0&#8243; _module_preset=&#8221;default&#8221; background_color=&#8221;#00406B&#8221; custom_padding=&#8221;||||false|false&#8221; global_colors_info=&#8221;{}&#8221;][et_pb_row _builder_version=&#8221;4.16&#8243; _module_preset=&#8221;default&#8221; max_width=&#8221;100%&#8221; custom_padding=&#8221;0px||0px||false|false&#8221; global_colors_info=&#8221;{}&#8221;][et_pb_column type=&#8221;4_4&#8243; _builder_version=&#8221;4.16&#8243; _module_preset=&#8221;default&#8221; background_enable_image=&#8221;off&#8221; global_colors_info=&#8221;{}&#8221;][et_pb_blurb title=&#8221;CRO &#8211; Your partner for efficient clinical research&#8221; content_max_width=&#8221;100%&#8221; _builder_version=&#8221;4.24.0&#8243; _module_preset=&#8221;default&#8221; header_level=&#8221;h2&#8243; header_font=&#8221;|600||on|||||&#8221; header_text_align=&#8221;left&#8221; header_text_color=&#8221;#577ea4&#8243; header_font_size=&#8221;35px&#8221; header_line_height=&#8221;1.2em&#8221; body_text_color=&#8221;#577ea4&#8243; background_color=&#8221;#ffffff&#8221; position_origin_a=&#8221;center_left&#8221; width=&#8221;100%&#8221; module_alignment=&#8221;left&#8221; custom_margin=&#8221;||||false|false&#8221; custom_padding=&#8221;5%|5%|5%|5%|true|true&#8221; header_font_size_tablet=&#8221;35px&#8221; header_font_size_phone=&#8221;25px&#8221; header_font_size_last_edited=&#8221;on|phone&#8221; border_radii=&#8221;on|10px|10px|10px|10px&#8221; box_shadow_style=&#8221;preset1&#8243; box_shadow_spread=&#8221;13px&#8221; box_shadow_color=&#8221;rgba(87,126,164,0.09)&#8221; global_colors_info=&#8221;{}&#8221;]<\/p>\n<p>&nbsp;<\/p>\n<p>As an experienced clinical research organisation, we can support you with the planning, implementation and analysis of clinical trials. Our customised solutions and comprehensive expertise ensure a smooth study process, from conception to successful market launch. <\/p>\n<p>In a constantly changing regulatory landscape, professional support in clinical research is essential.<\/p>\n<p>All phases of clinical trials are covered by Vysyo&#8217;s comprehensive range of services.<\/p>\n<ul style=\"list-style-type: disc;\">\n<li>Study planning and design: Development of customised concepts that combine scientific and regulatory requirements optimally.<\/li>\n<li>Implementation and monitoring: The efficient organisation, monitoring and management of study procedures ensures the highest quality and safety standards are met.<\/li>\n<li>Data management and analysis: Accurately collecting, analysing and interpreting clinical data to inform decision-making.<\/li>\n<li>Regulatory expertise: Support with complying with international guidelines and preparing the necessary approval documents.<\/li>\n<\/ul>\n<p>Our dedicated team combines scientific expertise with cutting-edge technology to streamline the entire study process, making it efficient and transparent. You can rely on our many years of experience and expertise to successfully implement your clinical projects, from developing the concept to conducting the final evaluation and reporting. <\/p>\n<p>&nbsp;<\/p>\n<p class=\"p1\"><a href=\"https:\/\/cro.vysyo.com\/en\/contact\/\"><button class=\"kontaktbutton\">Contact us now<\/button><\/a><\/p>\n<p>[\/et_pb_blurb][\/et_pb_column][\/et_pb_row][\/et_pb_section]<\/p>\n","protected":false},"excerpt":{"rendered":"<p>&nbsp; As an experienced clinical research organisation, we can support you with the planning, implementation and analysis of clinical trials. Our customised solutions and comprehensive expertise ensure a smooth study process, from conception to successful market launch. In a constantly changing regulatory landscape, professional support in clinical research is essential. All phases of clinical trials [&hellip;]<\/p>\n","protected":false},"author":2,"featured_media":0,"parent":0,"menu_order":0,"comment_status":"closed","ping_status":"closed","template":"","meta":{"_et_pb_use_builder":"on","_et_pb_old_content":"[et_pb_section fb_built=\"1\" disabled_on=\"on|on|off\" admin_label=\"Sektion 2.1\" module_id=\"evidenz\" _builder_version=\"4.24.0\" _module_preset=\"default\" background_color=\"#00406B\" custom_padding=\"0px||||false|false\" collapsed=\"off\" global_colors_info=\"{}\"][et_pb_row column_structure=\"1_2,1_2\" use_custom_gutter=\"on\" gutter_width=\"1\" _builder_version=\"4.24.0\" _module_preset=\"default\" width=\"100%\" max_width=\"100%\" min_height=\"100vh\" custom_padding=\"0px||0px||false|false\" global_colors_info=\"{}\"][et_pb_column type=\"1_2\" _builder_version=\"4.24.0\" _module_preset=\"default\" use_background_color_gradient=\"on\" background_color_gradient_stops=\"rgba(87,126,164,0.44) 0%|#00406b 100%\" background_color_gradient_overlays_image=\"on\" background_color_gradient_start=\"rgba(87,126,164,0.44)\" background_color_gradient_end=\"#00406b\" background_image=\"https:\/\/cro.vysyo.com\/uploads\/_vysyo\/2025\/03\/iStock-1388388697.jpg\" global_colors_info=\"{}\"][et_pb_divider show_divider=\"off\" _builder_version=\"4.16\" _module_preset=\"default\" height=\"100vh\" custom_margin=\"0px||||false|false\" custom_padding=\"0px||0px||false|false\" global_colors_info=\"{}\"][\/et_pb_divider][\/et_pb_column][et_pb_column type=\"1_2\" _builder_version=\"4.16\" _module_preset=\"default\" custom_padding=\"10%||||false|false\" custom_css_main_element=\"margin-left: -10% !important;\" global_colors_info=\"{}\"][et_pb_blurb title=\"CRO \u2013 Ihr Partner f\u00fcr effiziente klinische Forschung\" content_max_width=\"100%\" _builder_version=\"4.24.0\" _module_preset=\"default\" header_level=\"h2\" header_font=\"|600||on|||||\" header_text_align=\"left\" header_text_color=\"#577ea4\" header_font_size=\"35px\" header_line_height=\"1.2em\" body_text_color=\"#577ea4\" background_color=\"#ffffff\" position_origin_a=\"center_left\" width=\"100%\" module_alignment=\"left\" custom_margin=\"||||false|false\" custom_margin_tablet=\"\" custom_margin_phone=\"|0px|||false|false\" custom_margin_last_edited=\"on|phone\" custom_padding=\"5%|5%|5%|5%|true|true\" hover_enabled=\"0\" header_font_size_tablet=\"35px\" header_font_size_phone=\"25px\" header_font_size_last_edited=\"on|phone\" custom_css_main_element=\" \" border_radii=\"on|10px|10px|10px|10px\" box_shadow_style=\"preset1\" box_shadow_spread=\"13px\" box_shadow_color=\"rgba(87,126,164,0.09)\" global_colors_info=\"{}\" sticky_enabled=\"0\"]<p>\u00a0<\/p>\r\n<p>Als erfahrene Clinical Research Organisation unterst\u00fctzen wir Sie bei der Planung, Durchf\u00fchrung und Analyse klinischer Studien. Mit ma\u00dfgeschneiderten L\u00f6sungen und umfassender Expertise sorgen wir f\u00fcr einen reibungslosen Studienprozess \u2013 von der Konzeption bis zum erfolgreichen Markteintritt.<\/p>\r\n<p>In einer sich st\u00e4ndig wandelnden regulatorischen Landschaft ist eine professionelle Unterst\u00fctzung in der klinischen Forschung unerl\u00e4sslich.<\/p>\r\n<p>Vysyo bietet Ihnen ein umfassendes Leistungsspektrum, das alle Phasen klinischer Studien abdeckt:<\/p>\r\n<ul style=\"list-style-type: disc;\">\r\n<li>Studienplanung und -design: Entwicklung ma\u00dfgeschneiderter Konzepte, die wissenschaftliche und regulatorische Anforderungen optimal vereinen.<\/li>\r\n<li>Durchf\u00fchrung und Monitoring: Effiziente Organisation, \u00dcberwachung und Management der Studienabl\u00e4ufe, um h\u00f6chste Qualit\u00e4ts- und Sicherheitsstandards zu gew\u00e4hrleisten.<\/li>\r\n<li>Datenmanagement und -analyse: Pr\u00e4zise Erfassung, Analyse und Interpretation klinischer Daten zur fundierten Entscheidungsfindung.<\/li>\r\n<li>Regulatorische Expertise: Unterst\u00fctzung bei der Einhaltung internationaler Richtlinien und bei der Erstellung notwendiger Zulassungsdokumente.<\/li>\r\n<\/ul>\r\n<p>Unser engagiertes Team kombiniert wissenschaftliche Expertise mit modernster Technologie, um den gesamten Studienprozess effizient und transparent zu gestalten. Vertrauen Sie auf unsere langj\u00e4hrige Erfahrung und unser Know-how, um Ihre klinischen Projekte erfolgreich umzusetzen \u2013 von der Konzeptentwicklung bis zur finalen Auswertung und Berichterstattung.<\/p>\r\n<p>\u00a0<\/p>\r\n<p class=\"p1\"><a href=\"https:\/\/cro.vysyo.com\/kontakt\/\"><button class=\"kontaktbutton\">Jetzt Kontakt aufnehmen<\/button><\/a><\/p>[\/et_pb_blurb][\/et_pb_column][\/et_pb_row][\/et_pb_section][et_pb_section fb_built=\"1\" disabled_on=\"off|off|on\" admin_label=\"Header 1\" _builder_version=\"4.24.0\" _module_preset=\"default\" use_background_color_gradient=\"on\" background_color_gradient_stops=\"rgba(0,0,0,0) 0%|#00406b 100%\" background_color_gradient_overlays_image=\"on\" background_image=\"https:\/\/cro.vysyo.com\/uploads\/_vysyo\/2025\/03\/iStock-1388388697.jpg\" background_position=\"top_center\" min_height=\"300px\" min_height_tablet=\"\" min_height_phone=\"\" min_height_last_edited=\"on|phone\" height_tablet=\"250px\" height_phone=\"200px\" height_last_edited=\"on|phone\" filter_brightness=\"105%\" bottom_divider_color=\"#aa926c\" locked=\"off\" collapsed=\"on\" global_colors_info=\"{}\"][\/et_pb_section][et_pb_section fb_built=\"1\" disabled_on=\"off|off|on\" _builder_version=\"4.24.0\" _module_preset=\"default\" background_color=\"#00406B\" custom_padding=\"||||false|false\" global_colors_info=\"{}\"][et_pb_row _builder_version=\"4.16\" _module_preset=\"default\" max_width=\"100%\" custom_padding=\"0px||0px||false|false\" global_colors_info=\"{}\"][et_pb_column type=\"4_4\" _builder_version=\"4.16\" _module_preset=\"default\" background_enable_image=\"off\" global_colors_info=\"{}\"][et_pb_blurb title=\"CRO \u2013 Ihr Partner f\u00fcr effiziente klinische Forschung\" content_max_width=\"100%\" _builder_version=\"4.24.0\" _module_preset=\"default\" header_level=\"h2\" header_font=\"|600||on|||||\" header_text_align=\"left\" header_text_color=\"#577ea4\" header_font_size=\"35px\" header_line_height=\"1.2em\" body_text_color=\"#577ea4\" background_color=\"#ffffff\" position_origin_a=\"center_left\" width=\"100%\" module_alignment=\"left\" custom_margin=\"||||false|false\" custom_padding=\"5%|5%|5%|5%|true|true\" hover_enabled=\"0\" header_font_size_tablet=\"35px\" header_font_size_phone=\"25px\" header_font_size_last_edited=\"on|phone\" border_radii=\"on|10px|10px|10px|10px\" box_shadow_style=\"preset1\" box_shadow_spread=\"13px\" box_shadow_color=\"rgba(87,126,164,0.09)\" global_colors_info=\"{}\" sticky_enabled=\"0\"]<p>\u00a0<\/p>\r\n<p>Als erfahrene Clinical Research Organisation unterst\u00fctzen wir Sie bei der Planung, Durchf\u00fchrung und Analyse klinischer Studien. Mit ma\u00dfgeschneiderten L\u00f6sungen und umfassender Expertise sorgen wir f\u00fcr einen reibungslosen Studienprozess \u2013 von der Konzeption bis zum erfolgreichen Markteintritt.<\/p>\r\n<p>In einer sich st\u00e4ndig wandelnden regulatorischen Landschaft ist eine professionelle Unterst\u00fctzung in der klinischen Forschung unerl\u00e4sslich.<\/p>\r\n<p>Vysyo bietet Ihnen ein umfassendes Leistungsspektrum, das alle Phasen klinischer Studien abdeckt:<\/p>\r\n<ul style=\"list-style-type: disc;\">\r\n<li>Studienplanung und -design: Entwicklung ma\u00dfgeschneiderter Konzepte, die wissenschaftliche und regulatorische Anforderungen optimal vereinen.<\/li>\r\n<li>Durchf\u00fchrung und Monitoring: Effiziente Organisation, \u00dcberwachung und Management der Studienabl\u00e4ufe, um h\u00f6chste Qualit\u00e4ts- und Sicherheitsstandards zu gew\u00e4hrleisten.<\/li>\r\n<li>Datenmanagement und -analyse: Pr\u00e4zise Erfassung, Analyse und Interpretation klinischer Daten zur fundierten Entscheidungsfindung.<\/li>\r\n<li>Regulatorische Expertise: Unterst\u00fctzung bei der Einhaltung internationaler Richtlinien und bei der Erstellung notwendiger Zulassungsdokumente.<\/li>\r\n<\/ul>\r\n<p>Unser engagiertes Team kombiniert wissenschaftliche Expertise mit modernster Technologie, um den gesamten Studienprozess effizient und transparent zu gestalten. Vertrauen Sie auf unsere langj\u00e4hrige Erfahrung und unser Know-how, um Ihre klinischen Projekte erfolgreich umzusetzen \u2013 von der Konzeptentwicklung bis zur finalen Auswertung und Berichterstattung.<\/p>\r\n<p>\u00a0<\/p>\r\n<p class=\"p1\"><a href=\"https:\/\/cro.vysyo.com\/kontakt\/\"><button class=\"kontaktbutton\">Jetzt Kontakt aufnehmen<\/button><\/a><\/p>[\/et_pb_blurb][\/et_pb_column][\/et_pb_row][\/et_pb_section]","_et_gb_content_width":"","footnotes":""},"class_list":["post-7003","page","type-page","status-publish","hentry"],"yoast_head":"<!-- This site is optimized with the Yoast SEO plugin v27.5 - https:\/\/yoast.com\/product\/yoast-seo-wordpress\/ -->\n<title>CRO (Clinical Research Organisation) - Vysyo - Next Level Clinical Service<\/title>\n<meta name=\"robots\" content=\"index, follow, max-snippet:-1, max-image-preview:large, max-video-preview:-1\" \/>\n<link rel=\"canonical\" href=\"https:\/\/cro.vysyo.com\/en\/cro-clinical-research-organisation\/\" \/>\n<meta property=\"og:locale\" content=\"en_US\" \/>\n<meta property=\"og:type\" content=\"article\" \/>\n<meta property=\"og:title\" content=\"CRO (Clinical Research Organisation) - Vysyo - Next Level Clinical Service\" \/>\n<meta property=\"og:description\" content=\"&nbsp; As an experienced clinical research organisation, we can support you with the planning, implementation and analysis of clinical trials. Our customised solutions and comprehensive expertise ensure a smooth study process, from conception to successful market launch. In a constantly changing regulatory landscape, professional support in clinical research is essential. All phases of clinical trials [&hellip;]\" \/>\n<meta property=\"og:url\" content=\"https:\/\/cro.vysyo.com\/en\/cro-clinical-research-organisation\/\" \/>\n<meta property=\"og:site_name\" content=\"Vysyo - Next Level Clinical Service\" \/>\n<meta property=\"article:modified_time\" content=\"2025-05-15T08:07:32+00:00\" \/>\n<meta name=\"twitter:card\" content=\"summary_large_image\" \/>\n<meta name=\"twitter:label1\" content=\"Est. reading time\" \/>\n\t<meta name=\"twitter:data1\" content=\"3 minutes\" \/>\n<script type=\"application\/ld+json\" class=\"yoast-schema-graph\">{\"@context\":\"https:\\\/\\\/schema.org\",\"@graph\":[{\"@type\":\"WebPage\",\"@id\":\"https:\\\/\\\/cro.vysyo.com\\\/en\\\/cro-clinical-research-organisation\\\/\",\"url\":\"https:\\\/\\\/cro.vysyo.com\\\/en\\\/cro-clinical-research-organisation\\\/\",\"name\":\"CRO (Clinical Research Organisation) - Vysyo - Next Level Clinical Service\",\"isPartOf\":{\"@id\":\"https:\\\/\\\/cro.vysyo.com\\\/#website\"},\"datePublished\":\"2025-05-15T07:34:04+00:00\",\"dateModified\":\"2025-05-15T08:07:32+00:00\",\"breadcrumb\":{\"@id\":\"https:\\\/\\\/cro.vysyo.com\\\/en\\\/cro-clinical-research-organisation\\\/#breadcrumb\"},\"inLanguage\":\"en-US\",\"potentialAction\":[{\"@type\":\"ReadAction\",\"target\":[\"https:\\\/\\\/cro.vysyo.com\\\/en\\\/cro-clinical-research-organisation\\\/\"]}]},{\"@type\":\"BreadcrumbList\",\"@id\":\"https:\\\/\\\/cro.vysyo.com\\\/en\\\/cro-clinical-research-organisation\\\/#breadcrumb\",\"itemListElement\":[{\"@type\":\"ListItem\",\"position\":1,\"name\":\"Startseite\",\"item\":\"https:\\\/\\\/cro.vysyo.com\\\/en\\\/\"},{\"@type\":\"ListItem\",\"position\":2,\"name\":\"CRO (Clinical Research Organisation)\"}]},{\"@type\":\"WebSite\",\"@id\":\"https:\\\/\\\/cro.vysyo.com\\\/#website\",\"url\":\"https:\\\/\\\/cro.vysyo.com\\\/\",\"name\":\"Vysyo - Next Level Clinical Service\",\"description\":\"\",\"potentialAction\":[{\"@type\":\"SearchAction\",\"target\":{\"@type\":\"EntryPoint\",\"urlTemplate\":\"https:\\\/\\\/cro.vysyo.com\\\/?s={search_term_string}\"},\"query-input\":{\"@type\":\"PropertyValueSpecification\",\"valueRequired\":true,\"valueName\":\"search_term_string\"}}],\"inLanguage\":\"en-US\"}]}<\/script>\n<!-- \/ Yoast SEO plugin. -->","yoast_head_json":{"title":"CRO (Clinical Research Organisation) - Vysyo - Next Level Clinical Service","robots":{"index":"index","follow":"follow","max-snippet":"max-snippet:-1","max-image-preview":"max-image-preview:large","max-video-preview":"max-video-preview:-1"},"canonical":"https:\/\/cro.vysyo.com\/en\/cro-clinical-research-organisation\/","og_locale":"en_US","og_type":"article","og_title":"CRO (Clinical Research Organisation) - Vysyo - Next Level Clinical Service","og_description":"&nbsp; As an experienced clinical research organisation, we can support you with the planning, implementation and analysis of clinical trials. Our customised solutions and comprehensive expertise ensure a smooth study process, from conception to successful market launch. In a constantly changing regulatory landscape, professional support in clinical research is essential. All phases of clinical trials [&hellip;]","og_url":"https:\/\/cro.vysyo.com\/en\/cro-clinical-research-organisation\/","og_site_name":"Vysyo - Next Level Clinical Service","article_modified_time":"2025-05-15T08:07:32+00:00","twitter_card":"summary_large_image","twitter_misc":{"Est. reading time":"3 minutes"},"schema":{"@context":"https:\/\/schema.org","@graph":[{"@type":"WebPage","@id":"https:\/\/cro.vysyo.com\/en\/cro-clinical-research-organisation\/","url":"https:\/\/cro.vysyo.com\/en\/cro-clinical-research-organisation\/","name":"CRO (Clinical Research Organisation) - Vysyo - Next Level Clinical Service","isPartOf":{"@id":"https:\/\/cro.vysyo.com\/#website"},"datePublished":"2025-05-15T07:34:04+00:00","dateModified":"2025-05-15T08:07:32+00:00","breadcrumb":{"@id":"https:\/\/cro.vysyo.com\/en\/cro-clinical-research-organisation\/#breadcrumb"},"inLanguage":"en-US","potentialAction":[{"@type":"ReadAction","target":["https:\/\/cro.vysyo.com\/en\/cro-clinical-research-organisation\/"]}]},{"@type":"BreadcrumbList","@id":"https:\/\/cro.vysyo.com\/en\/cro-clinical-research-organisation\/#breadcrumb","itemListElement":[{"@type":"ListItem","position":1,"name":"Startseite","item":"https:\/\/cro.vysyo.com\/en\/"},{"@type":"ListItem","position":2,"name":"CRO (Clinical Research Organisation)"}]},{"@type":"WebSite","@id":"https:\/\/cro.vysyo.com\/#website","url":"https:\/\/cro.vysyo.com\/","name":"Vysyo - Next Level Clinical Service","description":"","potentialAction":[{"@type":"SearchAction","target":{"@type":"EntryPoint","urlTemplate":"https:\/\/cro.vysyo.com\/?s={search_term_string}"},"query-input":{"@type":"PropertyValueSpecification","valueRequired":true,"valueName":"search_term_string"}}],"inLanguage":"en-US"}]}},"_links":{"self":[{"href":"https:\/\/cro.vysyo.com\/en\/wp-json\/wp\/v2\/pages\/7003","targetHints":{"allow":["GET"]}}],"collection":[{"href":"https:\/\/cro.vysyo.com\/en\/wp-json\/wp\/v2\/pages"}],"about":[{"href":"https:\/\/cro.vysyo.com\/en\/wp-json\/wp\/v2\/types\/page"}],"author":[{"embeddable":true,"href":"https:\/\/cro.vysyo.com\/en\/wp-json\/wp\/v2\/users\/2"}],"replies":[{"embeddable":true,"href":"https:\/\/cro.vysyo.com\/en\/wp-json\/wp\/v2\/comments?post=7003"}],"version-history":[{"count":8,"href":"https:\/\/cro.vysyo.com\/en\/wp-json\/wp\/v2\/pages\/7003\/revisions"}],"predecessor-version":[{"id":7016,"href":"https:\/\/cro.vysyo.com\/en\/wp-json\/wp\/v2\/pages\/7003\/revisions\/7016"}],"wp:attachment":[{"href":"https:\/\/cro.vysyo.com\/en\/wp-json\/wp\/v2\/media?parent=7003"}],"curies":[{"name":"wp","href":"https:\/\/api.w.org\/{rel}","templated":true}]}}