{"id":6992,"date":"2025-05-14T14:48:49","date_gmt":"2025-05-14T12:48:49","guid":{"rendered":"https:\/\/cro.vysyo.com\/medical-devices\/"},"modified":"2025-05-14T14:48:50","modified_gmt":"2025-05-14T12:48:50","slug":"medical-devices","status":"publish","type":"page","link":"https:\/\/cro.vysyo.com\/en\/medical-devices\/","title":{"rendered":"Medical Devices"},"content":{"rendered":"<p>[et_pb_section fb_built=&#8221;1&#8243; disabled_on=&#8221;on|on|off&#8221; admin_label=&#8221;Sektion 2.1&#8243; _builder_version=&#8221;4.24.0&#8243; _module_preset=&#8221;default&#8221; background_color=&#8221;#00406B&#8221; custom_padding=&#8221;0px||0px||true|false&#8221; collapsed=&#8221;off&#8221; global_colors_info=&#8221;{}&#8221;][et_pb_row column_structure=&#8221;1_2,1_2&#8243; use_custom_gutter=&#8221;on&#8221; gutter_width=&#8221;1&#8243; _builder_version=&#8221;4.24.0&#8243; _module_preset=&#8221;default&#8221; width=&#8221;100%&#8221; max_width=&#8221;100%&#8221; min_height=&#8221;100vh&#8221; custom_padding=&#8221;0px||0px||false|false&#8221; custom_css_main_element=&#8221;display: flex !important;&#8221; global_colors_info=&#8221;{}&#8221;][et_pb_column type=&#8221;1_2&#8243; _builder_version=&#8221;4.24.0&#8243; _module_preset=&#8221;default&#8221; use_background_color_gradient=&#8221;on&#8221; background_color_gradient_stops=&#8221;rgba(87,126,164,0.44) 0%|#00406b 100%&#8221; background_color_gradient_overlays_image=&#8221;on&#8221; background_color_gradient_start=&#8221;rgba(87,126,164,0.44)&#8221; background_color_gradient_end=&#8221;#00406b&#8221; background_image=&#8221;https:\/\/cro.vysyo.com\/uploads\/_vysyo\/2021\/08\/bill-oxford-tR0PPLuN6Pw-unsplash_WEB.jpg&#8221; global_colors_info=&#8221;{}&#8221;][et_pb_divider show_divider=&#8221;off&#8221; _builder_version=&#8221;4.16&#8243; _module_preset=&#8221;default&#8221; height=&#8221;100vh&#8221; custom_margin=&#8221;0px||||false|false&#8221; custom_padding=&#8221;0px||0px||false|false&#8221; global_colors_info=&#8221;{}&#8221;][\/et_pb_divider][\/et_pb_column][et_pb_column type=&#8221;1_2&#8243; _builder_version=&#8221;4.16&#8243; _module_preset=&#8221;default&#8221; custom_padding=&#8221;10%||||false|false&#8221; custom_css_main_element=&#8221;margin-left: -10% !important;&#8221; global_colors_info=&#8221;{}&#8221;][et_pb_blurb title=&#8221;Medical Devices \u2013 Bringing Innovation to Market Safely and Efficiently&#8221; content_max_width=&#8221;100%&#8221; _builder_version=&#8221;4.24.0&#8243; _module_preset=&#8221;default&#8221; header_level=&#8221;h2&#8243; header_font=&#8221;|600||on|||||&#8221; header_text_align=&#8221;left&#8221; header_text_color=&#8221;#577ea4&#8243; header_font_size=&#8221;35px&#8221; body_text_color=&#8221;#577ea4&#8243; background_color=&#8221;#ffffff&#8221; position_origin_a=&#8221;center_left&#8221; width=&#8221;100%&#8221; module_alignment=&#8221;left&#8221; custom_margin=&#8221;||5%||false|false&#8221; custom_margin_tablet=&#8221;||5%||false|false&#8221; custom_margin_phone=&#8221;|0px|||false|false&#8221; custom_margin_last_edited=&#8221;on|desktop&#8221; custom_padding=&#8221;5%|5%|5%|5%|true|true&#8221; hover_enabled=&#8221;0&#8243; header_font_size_tablet=&#8221;35px&#8221; header_font_size_phone=&#8221;25px&#8221; header_font_size_last_edited=&#8221;on|phone&#8221; custom_css_main_element=&#8221; &#8221; border_radii=&#8221;on|10px|10px|10px|10px&#8221; box_shadow_style=&#8221;preset1&#8243; box_shadow_spread=&#8221;13px&#8221; box_shadow_color=&#8221;rgba(87,126,164,0.09)&#8221; global_colors_info=&#8221;{}&#8221; sticky_enabled=&#8221;0&#8243; header_line_height=&#8221;1.2em&#8221;]<\/p>\n<p>&nbsp;<\/p>\n<p>Medizinprodukte spielen eine essenzielle Rolle in der modernen Gesundheitsversorgung. Sie dienen der Diagnose, Behandlung, \u00dcberwachung und Pr\u00e4vention von Krankheiten und verbessern die Lebensqualit\u00e4t von Patienten weltweit.<\/p>\n<p>Die regulatorischen Anforderungen sind komplex \u2013 von der MDR-Zertifizierung \u00fcber klinische Bewertungen bis hin zur Post-Market-Surveillance.<\/p>\n<p>Wir begleiten Sie durch den gesamten Produktlebenszyklus: von der Entwicklung \u00fcber die regulatorische Strategie und klinische Evidenz bis zur erfolgreichen Markteinf\u00fchrung.<\/p>\n<p>Mit fundiertem Know-how und ma\u00dfgeschneiderten L\u00f6sungen navigieren wir Sie sicher durch die Anforderungen der MDR und internationalen Zulassungen.<\/p>\n<p>&nbsp;<\/p>\n<p class=\"p1\"><a href=\"https:\/\/cro.vysyo.com\/en\/contact\/\"><button class=\"kontaktbutton\">Jetzt Kontakt aufnehmen<\/button><\/a><\/p>\n<p>[\/et_pb_blurb][\/et_pb_column][\/et_pb_row][\/et_pb_section][et_pb_section fb_built=&#8221;1&#8243; disabled_on=&#8221;off|off|on&#8221; admin_label=&#8221;Header 1&#8243; _builder_version=&#8221;4.24.0&#8243; _module_preset=&#8221;default&#8221; use_background_color_gradient=&#8221;on&#8221; background_color_gradient_stops=&#8221;rgba(0,0,0,0) 0%|#00406b 100%&#8221; background_color_gradient_overlays_image=&#8221;on&#8221; background_image=&#8221;https:\/\/cro.vysyo.com\/uploads\/_vysyo\/2021\/08\/bill-oxford-tR0PPLuN6Pw-unsplash_WEB.jpg&#8221; position_origin_a=&#8221;center_left&#8221; min_height=&#8221;300px&#8221; min_height_tablet=&#8221;300px&#8221; min_height_phone=&#8221;300px&#8221; min_height_last_edited=&#8221;on|phone&#8221; height_tablet=&#8221;250px&#8221; height_phone=&#8221;200px&#8221; height_last_edited=&#8221;on|phone&#8221; filter_brightness=&#8221;105%&#8221; bottom_divider_color=&#8221;#aa926c&#8221; custom_css_main_element=&#8221; &#8221; locked=&#8221;off&#8221; collapsed=&#8221;on&#8221; global_colors_info=&#8221;{}&#8221; header_font_size_tablet=&#8221;35px&#8221; header_font_size_phone=&#8221;25px&#8221; header_font_size_last_edited=&#8221;on|phone&#8221;][\/et_pb_section][et_pb_section fb_built=&#8221;1&#8243; disabled_on=&#8221;off|off|on&#8221; _builder_version=&#8221;4.24.0&#8243; _module_preset=&#8221;default&#8221; background_color=&#8221;#00406B&#8221; custom_padding=&#8221;||||false|false&#8221; global_colors_info=&#8221;{}&#8221;][et_pb_row _builder_version=&#8221;4.16&#8243; _module_preset=&#8221;default&#8221; max_width=&#8221;100%&#8221; custom_padding=&#8221;0px||0px||false|false&#8221; global_colors_info=&#8221;{}&#8221;][et_pb_column type=&#8221;4_4&#8243; _builder_version=&#8221;4.16&#8243; _module_preset=&#8221;default&#8221; background_enable_image=&#8221;off&#8221; global_colors_info=&#8221;{}&#8221;][et_pb_blurb title=&#8221;Medical Devices \u2013 Bringing Innovation to Market Safely and Efficiently&#8221; content_max_width=&#8221;100%&#8221; _builder_version=&#8221;4.24.0&#8243; _module_preset=&#8221;default&#8221; header_level=&#8221;h2&#8243; header_font=&#8221;|600||on|||||&#8221; header_text_align=&#8221;left&#8221; header_text_color=&#8221;#577ea4&#8243; header_font_size=&#8221;35px&#8221; body_text_color=&#8221;#577ea4&#8243; background_color=&#8221;#ffffff&#8221; position_origin_a=&#8221;center_left&#8221; width=&#8221;100%&#8221; module_alignment=&#8221;left&#8221; custom_margin=&#8221;||||false|false&#8221; custom_padding=&#8221;5%|5%|5%|5%|true|true&#8221; hover_enabled=&#8221;0&#8243; header_font_size_tablet=&#8221;35px&#8221; header_font_size_phone=&#8221;25px&#8221; header_font_size_last_edited=&#8221;on|phone&#8221; border_radii=&#8221;on|10px|10px|10px|10px&#8221; box_shadow_style=&#8221;preset1&#8243; box_shadow_spread=&#8221;13px&#8221; box_shadow_color=&#8221;rgba(87,126,164,0.09)&#8221; global_colors_info=&#8221;{}&#8221; sticky_enabled=&#8221;0&#8243; header_line_height=&#8221;1.2em&#8221;]<\/p>\n<p>&nbsp;<\/p>\n<p>Medizinprodukte spielen eine essenzielle Rolle in der modernen Gesundheitsversorgung. Sie dienen der Diagnose, Behandlung, \u00dcberwachung und Pr\u00e4vention von Krankheiten und verbessern die Lebensqualit\u00e4t von Patienten weltweit.<\/p>\n<p>Die regulatorischen Anforderungen sind komplex \u2013 von der MDR-Zertifizierung \u00fcber klinische Bewertungen bis hin zur Post-Market-Surveillance.<\/p>\n<p>Wir begleiten Sie durch den gesamten Produktlebenszyklus: von der Entwicklung \u00fcber die regulatorische Strategie und klinische Evidenz bis zur erfolgreichen Markteinf\u00fchrung.<\/p>\n<p>Mit fundiertem Know-how und ma\u00dfgeschneiderten L\u00f6sungen navigieren wir Sie sicher durch die Anforderungen der MDR und internationalen Zulassungen.<\/p>\n<p>&nbsp;<\/p>\n<p class=\"p1\"><a href=\"https:\/\/cro.vysyo.com\/en\/contact\/\"><button class=\"kontaktbutton\">Jetzt Kontakt aufnehmen<\/button><\/a><\/p>\n<p>[\/et_pb_blurb][\/et_pb_column][\/et_pb_row][\/et_pb_section]<\/p>\n","protected":false},"excerpt":{"rendered":"<p>&nbsp; Medizinprodukte spielen eine essenzielle Rolle in der modernen Gesundheitsversorgung. Sie dienen der Diagnose, Behandlung, \u00dcberwachung und Pr\u00e4vention von Krankheiten und verbessern die Lebensqualit\u00e4t von Patienten weltweit. Die regulatorischen Anforderungen sind komplex \u2013 von der MDR-Zertifizierung \u00fcber klinische Bewertungen bis hin zur Post-Market-Surveillance. Wir begleiten Sie durch den gesamten Produktlebenszyklus: von der Entwicklung \u00fcber die [&hellip;]<\/p>\n","protected":false},"author":2,"featured_media":0,"parent":0,"menu_order":0,"comment_status":"closed","ping_status":"closed","template":"","meta":{"_et_pb_use_builder":"on","_et_pb_old_content":"","_et_gb_content_width":"","footnotes":""},"class_list":["post-6992","page","type-page","status-publish","hentry"],"yoast_head":"<!-- This site is optimized with the Yoast SEO plugin v27.5 - https:\/\/yoast.com\/product\/yoast-seo-wordpress\/ -->\n<title>Medical Devices - Vysyo - Next Level Clinical Service<\/title>\n<meta name=\"robots\" content=\"index, follow, max-snippet:-1, max-image-preview:large, max-video-preview:-1\" \/>\n<link rel=\"canonical\" href=\"https:\/\/cro.vysyo.com\/en\/medical-devices\/\" \/>\n<meta property=\"og:locale\" content=\"en_US\" \/>\n<meta property=\"og:type\" content=\"article\" \/>\n<meta property=\"og:title\" content=\"Medical Devices - Vysyo - Next Level Clinical Service\" \/>\n<meta property=\"og:description\" content=\"&nbsp; Medizinprodukte spielen eine essenzielle Rolle in der modernen Gesundheitsversorgung. Sie dienen der Diagnose, Behandlung, \u00dcberwachung und Pr\u00e4vention von Krankheiten und verbessern die Lebensqualit\u00e4t von Patienten weltweit. Die regulatorischen Anforderungen sind komplex \u2013 von der MDR-Zertifizierung \u00fcber klinische Bewertungen bis hin zur Post-Market-Surveillance. Wir begleiten Sie durch den gesamten Produktlebenszyklus: von der Entwicklung \u00fcber die [&hellip;]\" \/>\n<meta property=\"og:url\" content=\"https:\/\/cro.vysyo.com\/en\/medical-devices\/\" \/>\n<meta property=\"og:site_name\" content=\"Vysyo - Next Level Clinical Service\" \/>\n<meta property=\"article:modified_time\" content=\"2025-05-14T12:48:50+00:00\" \/>\n<meta name=\"twitter:card\" content=\"summary_large_image\" \/>\n<meta name=\"twitter:label1\" content=\"Est. reading time\" \/>\n\t<meta name=\"twitter:data1\" content=\"4 minutes\" \/>\n<script type=\"application\/ld+json\" class=\"yoast-schema-graph\">{\"@context\":\"https:\\\/\\\/schema.org\",\"@graph\":[{\"@type\":\"WebPage\",\"@id\":\"https:\\\/\\\/cro.vysyo.com\\\/en\\\/medical-devices\\\/\",\"url\":\"https:\\\/\\\/cro.vysyo.com\\\/en\\\/medical-devices\\\/\",\"name\":\"Medical Devices - Vysyo - Next Level Clinical Service\",\"isPartOf\":{\"@id\":\"https:\\\/\\\/cro.vysyo.com\\\/#website\"},\"datePublished\":\"2025-05-14T12:48:49+00:00\",\"dateModified\":\"2025-05-14T12:48:50+00:00\",\"breadcrumb\":{\"@id\":\"https:\\\/\\\/cro.vysyo.com\\\/en\\\/medical-devices\\\/#breadcrumb\"},\"inLanguage\":\"en-US\",\"potentialAction\":[{\"@type\":\"ReadAction\",\"target\":[\"https:\\\/\\\/cro.vysyo.com\\\/en\\\/medical-devices\\\/\"]}]},{\"@type\":\"BreadcrumbList\",\"@id\":\"https:\\\/\\\/cro.vysyo.com\\\/en\\\/medical-devices\\\/#breadcrumb\",\"itemListElement\":[{\"@type\":\"ListItem\",\"position\":1,\"name\":\"Startseite\",\"item\":\"https:\\\/\\\/cro.vysyo.com\\\/en\\\/\"},{\"@type\":\"ListItem\",\"position\":2,\"name\":\"Medical Devices\"}]},{\"@type\":\"WebSite\",\"@id\":\"https:\\\/\\\/cro.vysyo.com\\\/#website\",\"url\":\"https:\\\/\\\/cro.vysyo.com\\\/\",\"name\":\"Vysyo - Next Level Clinical Service\",\"description\":\"\",\"potentialAction\":[{\"@type\":\"SearchAction\",\"target\":{\"@type\":\"EntryPoint\",\"urlTemplate\":\"https:\\\/\\\/cro.vysyo.com\\\/?s={search_term_string}\"},\"query-input\":{\"@type\":\"PropertyValueSpecification\",\"valueRequired\":true,\"valueName\":\"search_term_string\"}}],\"inLanguage\":\"en-US\"}]}<\/script>\n<!-- \/ Yoast SEO plugin. -->","yoast_head_json":{"title":"Medical Devices - Vysyo - Next Level Clinical Service","robots":{"index":"index","follow":"follow","max-snippet":"max-snippet:-1","max-image-preview":"max-image-preview:large","max-video-preview":"max-video-preview:-1"},"canonical":"https:\/\/cro.vysyo.com\/en\/medical-devices\/","og_locale":"en_US","og_type":"article","og_title":"Medical Devices - Vysyo - Next Level Clinical Service","og_description":"&nbsp; Medizinprodukte spielen eine essenzielle Rolle in der modernen Gesundheitsversorgung. Sie dienen der Diagnose, Behandlung, \u00dcberwachung und Pr\u00e4vention von Krankheiten und verbessern die Lebensqualit\u00e4t von Patienten weltweit. Die regulatorischen Anforderungen sind komplex \u2013 von der MDR-Zertifizierung \u00fcber klinische Bewertungen bis hin zur Post-Market-Surveillance. Wir begleiten Sie durch den gesamten Produktlebenszyklus: von der Entwicklung \u00fcber die [&hellip;]","og_url":"https:\/\/cro.vysyo.com\/en\/medical-devices\/","og_site_name":"Vysyo - Next Level Clinical Service","article_modified_time":"2025-05-14T12:48:50+00:00","twitter_card":"summary_large_image","twitter_misc":{"Est. reading time":"4 minutes"},"schema":{"@context":"https:\/\/schema.org","@graph":[{"@type":"WebPage","@id":"https:\/\/cro.vysyo.com\/en\/medical-devices\/","url":"https:\/\/cro.vysyo.com\/en\/medical-devices\/","name":"Medical Devices - Vysyo - Next Level Clinical Service","isPartOf":{"@id":"https:\/\/cro.vysyo.com\/#website"},"datePublished":"2025-05-14T12:48:49+00:00","dateModified":"2025-05-14T12:48:50+00:00","breadcrumb":{"@id":"https:\/\/cro.vysyo.com\/en\/medical-devices\/#breadcrumb"},"inLanguage":"en-US","potentialAction":[{"@type":"ReadAction","target":["https:\/\/cro.vysyo.com\/en\/medical-devices\/"]}]},{"@type":"BreadcrumbList","@id":"https:\/\/cro.vysyo.com\/en\/medical-devices\/#breadcrumb","itemListElement":[{"@type":"ListItem","position":1,"name":"Startseite","item":"https:\/\/cro.vysyo.com\/en\/"},{"@type":"ListItem","position":2,"name":"Medical Devices"}]},{"@type":"WebSite","@id":"https:\/\/cro.vysyo.com\/#website","url":"https:\/\/cro.vysyo.com\/","name":"Vysyo - Next Level Clinical Service","description":"","potentialAction":[{"@type":"SearchAction","target":{"@type":"EntryPoint","urlTemplate":"https:\/\/cro.vysyo.com\/?s={search_term_string}"},"query-input":{"@type":"PropertyValueSpecification","valueRequired":true,"valueName":"search_term_string"}}],"inLanguage":"en-US"}]}},"_links":{"self":[{"href":"https:\/\/cro.vysyo.com\/en\/wp-json\/wp\/v2\/pages\/6992","targetHints":{"allow":["GET"]}}],"collection":[{"href":"https:\/\/cro.vysyo.com\/en\/wp-json\/wp\/v2\/pages"}],"about":[{"href":"https:\/\/cro.vysyo.com\/en\/wp-json\/wp\/v2\/types\/page"}],"author":[{"embeddable":true,"href":"https:\/\/cro.vysyo.com\/en\/wp-json\/wp\/v2\/users\/2"}],"replies":[{"embeddable":true,"href":"https:\/\/cro.vysyo.com\/en\/wp-json\/wp\/v2\/comments?post=6992"}],"version-history":[{"count":2,"href":"https:\/\/cro.vysyo.com\/en\/wp-json\/wp\/v2\/pages\/6992\/revisions"}],"predecessor-version":[{"id":6994,"href":"https:\/\/cro.vysyo.com\/en\/wp-json\/wp\/v2\/pages\/6992\/revisions\/6994"}],"wp:attachment":[{"href":"https:\/\/cro.vysyo.com\/en\/wp-json\/wp\/v2\/media?parent=6992"}],"curies":[{"name":"wp","href":"https:\/\/api.w.org\/{rel}","templated":true}]}}