{"id":6989,"date":"2025-05-14T12:36:22","date_gmt":"2025-05-14T10:36:22","guid":{"rendered":"https:\/\/cro.vysyo.com\/training-courses\/"},"modified":"2025-05-14T12:36:22","modified_gmt":"2025-05-14T10:36:22","slug":"training-courses","status":"publish","type":"page","link":"https:\/\/cro.vysyo.com\/en\/training-courses\/","title":{"rendered":"Training \/ Courses"},"content":{"rendered":"<p>[et_pb_section fb_built=&#8221;1&#8243; admin_label=&#8221;Header 1&#8243; _builder_version=&#8221;4.24.0&#8243; _module_preset=&#8221;default&#8221; use_background_color_gradient=&#8221;on&#8221; background_color_gradient_stops=&#8221;rgba(87,126,164,0.78) 0%|rgba(0,64,107,0.72) 100%&#8221; background_color_gradient_overlays_image=&#8221;on&#8221; background_color_gradient_start=&#8221;rgba(87,126,164,0.78)&#8221; background_color_gradient_end=&#8221;rgba(0,64,107,0.72)&#8221; background_image=&#8221;https:\/\/cro.vysyo.com\/uploads\/_vysyo\/2024\/12\/istockphoto-941762260-1024&#215;1024-2.jpg&#8221; min_height=&#8221;300px&#8221; min_height_tablet=&#8221;&#8221; min_height_phone=&#8221;&#8221; min_height_last_edited=&#8221;on|phone&#8221; height=&#8221;200px&#8221; filter_brightness=&#8221;105%&#8221; bottom_divider_color=&#8221;#aa926c&#8221; collapsed=&#8221;off&#8221; global_colors_info=&#8221;{}&#8221;][et_pb_row _builder_version=&#8221;4.16&#8243; _module_preset=&#8221;default&#8221; max_width=&#8221;80%&#8221; max_width_tablet=&#8221;80%&#8221; max_width_phone=&#8221;90%&#8221; max_width_last_edited=&#8221;on|phone&#8221; custom_margin=&#8221;50px||||false|false&#8221; custom_margin_tablet=&#8221;0px||||false|false&#8221; custom_margin_phone=&#8221;-10px||||false|false&#8221; custom_margin_last_edited=&#8221;on|desktop&#8221; global_colors_info=&#8221;{}&#8221;][et_pb_column type=&#8221;4_4&#8243; _builder_version=&#8221;4.16&#8243; _module_preset=&#8221;default&#8221; global_colors_info=&#8221;{}&#8221;][et_pb_blurb title=&#8221;Training \/ Courses&#8221; content_max_width=&#8221;80%&#8221; _builder_version=&#8221;4.24.0&#8243; _module_preset=&#8221;default&#8221; header_level=&#8221;h2&#8243; header_font=&#8221;|600||on|||||&#8221; header_text_align=&#8221;center&#8221; header_text_color=&#8221;#ffffff&#8221; header_font_size=&#8221;50px&#8221; custom_margin=&#8221;||||false|false&#8221; header_font_size_tablet=&#8221;50px&#8221; header_font_size_phone=&#8221;35px&#8221; header_font_size_last_edited=&#8221;on|phone&#8221; global_colors_info=&#8221;{}&#8221;][\/et_pb_blurb][\/et_pb_column][\/et_pb_row][\/et_pb_section][et_pb_section fb_built=&#8221;1&#8243; _builder_version=&#8221;4.24.0&#8243; _module_preset=&#8221;default&#8221; background_color=&#8221;#00406B&#8221; global_colors_info=&#8221;{}&#8221;][et_pb_row column_structure=&#8221;2_5,3_5&#8243; _builder_version=&#8221;4.24.0&#8243; _module_preset=&#8221;default&#8221; max_width=&#8221;90%&#8221; global_colors_info=&#8221;{}&#8221;][et_pb_column type=&#8221;2_5&#8243; _builder_version=&#8221;4.24.0&#8243; _module_preset=&#8221;default&#8221; global_colors_info=&#8221;{}&#8221;][et_pb_image src=&#8221;https:\/\/cro.vysyo.com\/uploads\/_vysyo\/2025\/03\/woman-4702060-e1741088571805.jpg&#8221; title_text=&#8221;woman-4702060&#8243; align=&#8221;center&#8221; _builder_version=&#8221;4.24.0&#8243; _module_preset=&#8221;default&#8221; border_radii=&#8221;on|15px|15px|15px|15px&#8221; global_colors_info=&#8221;{}&#8221;][\/et_pb_image][\/et_pb_column][et_pb_column type=&#8221;3_5&#8243; _builder_version=&#8221;4.24.0&#8243; _module_preset=&#8221;default&#8221; global_colors_info=&#8221;{}&#8221;][et_pb_blurb title=&#8221;Welcome to our Academy&#8221; content_max_width=&#8221;100%&#8221; _builder_version=&#8221;4.24.0&#8243; _module_preset=&#8221;default&#8221; header_level=&#8221;h2&#8243; header_font=&#8221;|600||on|||||&#8221; header_text_align=&#8221;left&#8221; header_text_color=&#8221;#577ea4&#8243; header_font_size=&#8221;35px&#8221; body_text_color=&#8221;#577ea4&#8243; background_color=&#8221;#ffffff&#8221; position_origin_a=&#8221;center_left&#8221; width=&#8221;100%&#8221; module_alignment=&#8221;left&#8221; custom_margin=&#8221;||||false|false&#8221; custom_margin_tablet=&#8221;&#8221; custom_margin_phone=&#8221;|0px|||false|false&#8221; custom_margin_last_edited=&#8221;on|phone&#8221; custom_padding=&#8221;5%|5%|5%|5%|true|true&#8221; hover_enabled=&#8221;0&#8243; header_font_size_tablet=&#8221;35px&#8221; header_font_size_phone=&#8221;25px&#8221; header_font_size_last_edited=&#8221;on|phone&#8221; custom_css_main_element=&#8221; &#8221; border_radii=&#8221;on|10px|10px|10px|10px&#8221; box_shadow_style=&#8221;preset1&#8243; box_shadow_spread=&#8221;13px&#8221; box_shadow_color=&#8221;rgba(87,126,164,0.09)&#8221; locked=&#8221;off&#8221; global_colors_info=&#8221;{}&#8221; sticky_enabled=&#8221;0&#8243; header_line_height=&#8221;1.2em&#8221;]<\/p>\n<p>&nbsp;<\/p>\n<p>Mit unserer Arbeit wollen wir nicht nur t\u00e4glich die weltweite Gesundheitsversorgung verbessern, sondern auch F\u00e4higkeiten und Kompetenzen weiterentwickeln. Unsere Akademie bietet ein vielf\u00e4ltiges Kursangebot f\u00fcr alle, die sich pers\u00f6nlich und fachlich fortbilden m\u00f6chten. Aktuell erweitern wir unser Programm \u2013 schon bald finden Sie hier weitere spannende Kurse und Details zu neuen Angeboten.<br \/>Schauen Sie gerne wieder vorbei oder kontaktieren Sie uns direkt f\u00fcr mehr Informationen.<\/p>\n<p>&nbsp;<\/p>\n<p class=\"p1\"><a href=\"https:\/\/cro.vysyo.com\/en\/contact\/\"><button class=\"kontaktbutton\">Jetzt Kontakt aufnehmen<\/button><\/a><\/p>\n<p>[\/et_pb_blurb][\/et_pb_column][\/et_pb_row][\/et_pb_section]<\/p>\n","protected":false},"excerpt":{"rendered":"<p>&nbsp; Mit unserer Arbeit wollen wir nicht nur t\u00e4glich die weltweite Gesundheitsversorgung verbessern, sondern auch F\u00e4higkeiten und Kompetenzen weiterentwickeln. Unsere Akademie bietet ein vielf\u00e4ltiges Kursangebot f\u00fcr alle, die sich pers\u00f6nlich und fachlich fortbilden m\u00f6chten. Aktuell erweitern wir unser Programm \u2013 schon bald finden Sie hier weitere spannende Kurse und Details zu neuen Angeboten.Schauen Sie gerne [&hellip;]<\/p>\n","protected":false},"author":2,"featured_media":0,"parent":0,"menu_order":0,"comment_status":"closed","ping_status":"closed","template":"","meta":{"_et_pb_use_builder":"on","_et_pb_old_content":"","_et_gb_content_width":"","footnotes":""},"class_list":["post-6989","page","type-page","status-publish","hentry"],"yoast_head":"<!-- This site is optimized with the Yoast SEO plugin v27.5 - https:\/\/yoast.com\/product\/yoast-seo-wordpress\/ -->\n<title>Training \/ Courses - Vysyo - Next Level Clinical Service<\/title>\n<meta name=\"robots\" content=\"index, follow, max-snippet:-1, max-image-preview:large, max-video-preview:-1\" \/>\n<link rel=\"canonical\" href=\"https:\/\/cro.vysyo.com\/en\/training-courses\/\" \/>\n<meta property=\"og:locale\" content=\"en_US\" \/>\n<meta property=\"og:type\" content=\"article\" \/>\n<meta property=\"og:title\" content=\"Training \/ Courses - Vysyo - Next Level Clinical Service\" \/>\n<meta property=\"og:description\" content=\"&nbsp; Mit unserer Arbeit wollen wir nicht nur t\u00e4glich die weltweite Gesundheitsversorgung verbessern, sondern auch F\u00e4higkeiten und Kompetenzen weiterentwickeln. Unsere Akademie bietet ein vielf\u00e4ltiges Kursangebot f\u00fcr alle, die sich pers\u00f6nlich und fachlich fortbilden m\u00f6chten. Aktuell erweitern wir unser Programm \u2013 schon bald finden Sie hier weitere spannende Kurse und Details zu neuen Angeboten.Schauen Sie gerne [&hellip;]\" \/>\n<meta property=\"og:url\" content=\"https:\/\/cro.vysyo.com\/en\/training-courses\/\" \/>\n<meta property=\"og:site_name\" content=\"Vysyo - Next Level Clinical Service\" \/>\n<meta name=\"twitter:card\" content=\"summary_large_image\" \/>\n<meta name=\"twitter:label1\" content=\"Est. reading time\" \/>\n\t<meta name=\"twitter:data1\" content=\"3 minutes\" \/>\n<script type=\"application\/ld+json\" class=\"yoast-schema-graph\">{\"@context\":\"https:\\\/\\\/schema.org\",\"@graph\":[{\"@type\":\"WebPage\",\"@id\":\"https:\\\/\\\/cro.vysyo.com\\\/en\\\/training-courses\\\/\",\"url\":\"https:\\\/\\\/cro.vysyo.com\\\/en\\\/training-courses\\\/\",\"name\":\"Training \\\/ Courses - Vysyo - Next Level Clinical Service\",\"isPartOf\":{\"@id\":\"https:\\\/\\\/cro.vysyo.com\\\/#website\"},\"datePublished\":\"2025-05-14T10:36:22+00:00\",\"breadcrumb\":{\"@id\":\"https:\\\/\\\/cro.vysyo.com\\\/en\\\/training-courses\\\/#breadcrumb\"},\"inLanguage\":\"en-US\",\"potentialAction\":[{\"@type\":\"ReadAction\",\"target\":[\"https:\\\/\\\/cro.vysyo.com\\\/en\\\/training-courses\\\/\"]}]},{\"@type\":\"BreadcrumbList\",\"@id\":\"https:\\\/\\\/cro.vysyo.com\\\/en\\\/training-courses\\\/#breadcrumb\",\"itemListElement\":[{\"@type\":\"ListItem\",\"position\":1,\"name\":\"Startseite\",\"item\":\"https:\\\/\\\/cro.vysyo.com\\\/en\\\/\"},{\"@type\":\"ListItem\",\"position\":2,\"name\":\"Training \\\/ Courses\"}]},{\"@type\":\"WebSite\",\"@id\":\"https:\\\/\\\/cro.vysyo.com\\\/#website\",\"url\":\"https:\\\/\\\/cro.vysyo.com\\\/\",\"name\":\"Vysyo - Next Level Clinical Service\",\"description\":\"\",\"potentialAction\":[{\"@type\":\"SearchAction\",\"target\":{\"@type\":\"EntryPoint\",\"urlTemplate\":\"https:\\\/\\\/cro.vysyo.com\\\/?s={search_term_string}\"},\"query-input\":{\"@type\":\"PropertyValueSpecification\",\"valueRequired\":true,\"valueName\":\"search_term_string\"}}],\"inLanguage\":\"en-US\"}]}<\/script>\n<!-- \/ Yoast SEO plugin. -->","yoast_head_json":{"title":"Training \/ Courses - Vysyo - Next Level Clinical Service","robots":{"index":"index","follow":"follow","max-snippet":"max-snippet:-1","max-image-preview":"max-image-preview:large","max-video-preview":"max-video-preview:-1"},"canonical":"https:\/\/cro.vysyo.com\/en\/training-courses\/","og_locale":"en_US","og_type":"article","og_title":"Training \/ Courses - Vysyo - Next Level Clinical Service","og_description":"&nbsp; Mit unserer Arbeit wollen wir nicht nur t\u00e4glich die weltweite Gesundheitsversorgung verbessern, sondern auch F\u00e4higkeiten und Kompetenzen weiterentwickeln. Unsere Akademie bietet ein vielf\u00e4ltiges Kursangebot f\u00fcr alle, die sich pers\u00f6nlich und fachlich fortbilden m\u00f6chten. Aktuell erweitern wir unser Programm \u2013 schon bald finden Sie hier weitere spannende Kurse und Details zu neuen Angeboten.Schauen Sie gerne [&hellip;]","og_url":"https:\/\/cro.vysyo.com\/en\/training-courses\/","og_site_name":"Vysyo - Next Level Clinical Service","twitter_card":"summary_large_image","twitter_misc":{"Est. reading time":"3 minutes"},"schema":{"@context":"https:\/\/schema.org","@graph":[{"@type":"WebPage","@id":"https:\/\/cro.vysyo.com\/en\/training-courses\/","url":"https:\/\/cro.vysyo.com\/en\/training-courses\/","name":"Training \/ Courses - Vysyo - Next Level Clinical Service","isPartOf":{"@id":"https:\/\/cro.vysyo.com\/#website"},"datePublished":"2025-05-14T10:36:22+00:00","breadcrumb":{"@id":"https:\/\/cro.vysyo.com\/en\/training-courses\/#breadcrumb"},"inLanguage":"en-US","potentialAction":[{"@type":"ReadAction","target":["https:\/\/cro.vysyo.com\/en\/training-courses\/"]}]},{"@type":"BreadcrumbList","@id":"https:\/\/cro.vysyo.com\/en\/training-courses\/#breadcrumb","itemListElement":[{"@type":"ListItem","position":1,"name":"Startseite","item":"https:\/\/cro.vysyo.com\/en\/"},{"@type":"ListItem","position":2,"name":"Training \/ Courses"}]},{"@type":"WebSite","@id":"https:\/\/cro.vysyo.com\/#website","url":"https:\/\/cro.vysyo.com\/","name":"Vysyo - Next Level Clinical Service","description":"","potentialAction":[{"@type":"SearchAction","target":{"@type":"EntryPoint","urlTemplate":"https:\/\/cro.vysyo.com\/?s={search_term_string}"},"query-input":{"@type":"PropertyValueSpecification","valueRequired":true,"valueName":"search_term_string"}}],"inLanguage":"en-US"}]}},"_links":{"self":[{"href":"https:\/\/cro.vysyo.com\/en\/wp-json\/wp\/v2\/pages\/6989","targetHints":{"allow":["GET"]}}],"collection":[{"href":"https:\/\/cro.vysyo.com\/en\/wp-json\/wp\/v2\/pages"}],"about":[{"href":"https:\/\/cro.vysyo.com\/en\/wp-json\/wp\/v2\/types\/page"}],"author":[{"embeddable":true,"href":"https:\/\/cro.vysyo.com\/en\/wp-json\/wp\/v2\/users\/2"}],"replies":[{"embeddable":true,"href":"https:\/\/cro.vysyo.com\/en\/wp-json\/wp\/v2\/comments?post=6989"}],"version-history":[{"count":2,"href":"https:\/\/cro.vysyo.com\/en\/wp-json\/wp\/v2\/pages\/6989\/revisions"}],"predecessor-version":[{"id":6991,"href":"https:\/\/cro.vysyo.com\/en\/wp-json\/wp\/v2\/pages\/6989\/revisions\/6991"}],"wp:attachment":[{"href":"https:\/\/cro.vysyo.com\/en\/wp-json\/wp\/v2\/media?parent=6989"}],"curies":[{"name":"wp","href":"https:\/\/api.w.org\/{rel}","templated":true}]}}